{"id":605,"date":"2023-06-14T01:36:24","date_gmt":"2023-06-14T01:36:24","guid":{"rendered":"https:\/\/linosgopro.com\/casabegourmet\/?page_id=605"},"modified":"2023-12-07T00:38:59","modified_gmt":"2023-12-07T00:38:59","slug":"estamos-por-el-mundo","status":"publish","type":"page","link":"https:\/\/linosgopro.com\/casabegourmet\/estamos-por-el-mundo\/","title":{"rendered":"ESTAMOS POR EL MUNDO"},"content":{"rendered":"\t\t<div data-elementor-type=\"wp-page\" data-elementor-id=\"605\" class=\"elementor elementor-605\">\n\t\t\t\t<div class=\"elementor-element elementor-element-c08819a e-con-full e-flex e-con e-parent\" data-id=\"c08819a\" data-element_type=\"container\" data-e-type=\"container\" data-settings=\"{&quot;background_background&quot;:&quot;classic&quot;}\">\n\t\t<div class=\"elementor-element elementor-element-98c9eab e-con-full e-flex e-con e-child\" data-id=\"98c9eab\" data-element_type=\"container\" data-e-type=\"container\">\n\t\t\t\t<div class=\"elementor-element elementor-element-7182ede elementor-invisible elementor-widget elementor-widget-image\" data-id=\"7182ede\" data-element_type=\"widget\" data-e-type=\"widget\" data-settings=\"{&quot;_animation&quot;:&quot;swing&quot;}\" data-widget_type=\"image.default\">\n\t\t\t\t<div class=\"elementor-widget-container\">\n\t\t\t\t\t\t\t\t\t\t\t\t\t\t\t<img fetchpriority=\"high\" decoding=\"async\" width=\"800\" height=\"319\" src=\"https:\/\/linosgopro.com\/casabegourmet\/wp-content\/uploads\/2023\/05\/LOGO-GRANDE.png\" class=\"attachment-large size-large wp-image-15\" alt=\"\" srcset=\"https:\/\/linosgopro.com\/casabegourmet\/wp-content\/uploads\/2023\/05\/LOGO-GRANDE.png 944w, https:\/\/linosgopro.com\/casabegourmet\/wp-content\/uploads\/2023\/05\/LOGO-GRANDE-300x119.png 300w, https:\/\/linosgopro.com\/casabegourmet\/wp-content\/uploads\/2023\/05\/LOGO-GRANDE-768x306.png 768w\" sizes=\"(max-width: 800px) 100vw, 800px\" \/>\t\t\t\t\t\t\t\t\t\t\t\t\t\t\t<\/div>\n\t\t\t\t<\/div>\n\t\t\t\t<\/div>\n\t\t<div class=\"elementor-element elementor-element-ba27d28 e-con-full e-flex e-con e-child\" data-id=\"ba27d28\" data-element_type=\"container\" data-e-type=\"container\" data-settings=\"{&quot;background_background&quot;:&quot;classic&quot;}\">\n\t\t\t\t<div class=\"elementor-element elementor-element-7331de5 elementor-widget elementor-widget-heading\" data-id=\"7331de5\" data-element_type=\"widget\" data-e-type=\"widget\" data-widget_type=\"heading.default\">\n\t\t\t\t<div class=\"elementor-widget-container\">\n\t\t\t\t\t<h2 class=\"elementor-heading-title elementor-size-default\">\u00bfD\u00f3nde Estamos?<\/h2>\t\t\t\t<\/div>\n\t\t\t\t<\/div>\n\t\t\t\t<\/div>\n\t\t<div class=\"elementor-element elementor-element-da60656 e-con-full e-flex e-con e-child\" data-id=\"da60656\" data-element_type=\"container\" data-e-type=\"container\">\n\t\t<div class=\"elementor-element elementor-element-b335161 e-con-full e-flex e-con e-child\" data-id=\"b335161\" data-element_type=\"container\" data-e-type=\"container\">\n\t\t\t\t<div class=\"elementor-element elementor-element-32b523e elementor-widget elementor-widget-image\" data-id=\"32b523e\" data-element_type=\"widget\" data-e-type=\"widget\" data-widget_type=\"image.default\">\n\t\t\t\t<div class=\"elementor-widget-container\">\n\t\t\t\t\t\t\t\t\t\t\t\t\t\t\t<img decoding=\"async\" width=\"512\" height=\"512\" src=\"https:\/\/linosgopro.com\/casabegourmet\/wp-content\/uploads\/2023\/06\/venezuela.png\" class=\"attachment-large size-large wp-image-891\" alt=\"\" srcset=\"https:\/\/linosgopro.com\/casabegourmet\/wp-content\/uploads\/2023\/06\/venezuela.png 512w, https:\/\/linosgopro.com\/casabegourmet\/wp-content\/uploads\/2023\/06\/venezuela-300x300.png 300w, https:\/\/linosgopro.com\/casabegourmet\/wp-content\/uploads\/2023\/06\/venezuela-150x150.png 150w\" sizes=\"(max-width: 512px) 100vw, 512px\" \/>\t\t\t\t\t\t\t\t\t\t\t\t\t\t\t<\/div>\n\t\t\t\t<\/div>\n\t\t\t\t<div class=\"elementor-element elementor-element-402d380 elementor-widget elementor-widget-text-editor\" data-id=\"402d380\" data-element_type=\"widget\" data-e-type=\"widget\" data-widget_type=\"text-editor.default\">\n\t\t\t\t<div class=\"elementor-widget-container\">\n\t\t\t\t\t\t\t\t\t<p><b>VENEZUELA<\/b><\/p><p><strong>+500 puntos de venta<\/strong><\/p>\t\t\t\t\t\t\t\t<\/div>\n\t\t\t\t<\/div>\n\t\t\t\t<\/div>\n\t\t<div class=\"elementor-element elementor-element-7a9aa72 e-con-full e-flex e-con e-child\" data-id=\"7a9aa72\" data-element_type=\"container\" data-e-type=\"container\">\n\t\t\t\t<div class=\"elementor-element elementor-element-4f7d8d4 elementor-widget elementor-widget-image\" data-id=\"4f7d8d4\" data-element_type=\"widget\" data-e-type=\"widget\" data-widget_type=\"image.default\">\n\t\t\t\t<div class=\"elementor-widget-container\">\n\t\t\t\t\t\t\t\t\t\t\t\t\t\t\t<img decoding=\"async\" width=\"512\" height=\"512\" src=\"https:\/\/linosgopro.com\/casabegourmet\/wp-content\/uploads\/2023\/06\/brazil-.png\" class=\"attachment-large size-large wp-image-889\" alt=\"\" srcset=\"https:\/\/linosgopro.com\/casabegourmet\/wp-content\/uploads\/2023\/06\/brazil-.png 512w, https:\/\/linosgopro.com\/casabegourmet\/wp-content\/uploads\/2023\/06\/brazil--300x300.png 300w, https:\/\/linosgopro.com\/casabegourmet\/wp-content\/uploads\/2023\/06\/brazil--150x150.png 150w\" sizes=\"(max-width: 512px) 100vw, 512px\" \/>\t\t\t\t\t\t\t\t\t\t\t\t\t\t\t<\/div>\n\t\t\t\t<\/div>\n\t\t\t\t<div class=\"elementor-element elementor-element-d0b199c elementor-widget elementor-widget-text-editor\" data-id=\"d0b199c\" data-element_type=\"widget\" data-e-type=\"widget\" data-widget_type=\"text-editor.default\">\n\t\t\t\t<div class=\"elementor-widget-container\">\n\t\t\t\t\t\t\t\t\t<p><strong>BRAZIL<\/strong><\/p><p>Distribuido por <strong><a href=\"https:\/\/www.instagram.com\/harinapansaopaulo\/\">HARINA PAN SAO PAULO<\/a><\/strong><\/p>\t\t\t\t\t\t\t\t<\/div>\n\t\t\t\t<\/div>\n\t\t\t\t<\/div>\n\t\t<div class=\"elementor-element elementor-element-ff56ca8 e-con-full e-flex e-con e-child\" data-id=\"ff56ca8\" data-element_type=\"container\" data-e-type=\"container\">\n\t\t\t\t<div class=\"elementor-element elementor-element-3df199f elementor-widget elementor-widget-image\" data-id=\"3df199f\" data-element_type=\"widget\" data-e-type=\"widget\" data-widget_type=\"image.default\">\n\t\t\t\t<div class=\"elementor-widget-container\">\n\t\t\t\t\t\t\t\t\t\t\t\t\t\t\t<img loading=\"lazy\" decoding=\"async\" width=\"512\" height=\"512\" src=\"https:\/\/linosgopro.com\/casabegourmet\/wp-content\/uploads\/2023\/06\/chile.png\" class=\"attachment-large size-large wp-image-890\" alt=\"\" srcset=\"https:\/\/linosgopro.com\/casabegourmet\/wp-content\/uploads\/2023\/06\/chile.png 512w, https:\/\/linosgopro.com\/casabegourmet\/wp-content\/uploads\/2023\/06\/chile-300x300.png 300w, https:\/\/linosgopro.com\/casabegourmet\/wp-content\/uploads\/2023\/06\/chile-150x150.png 150w\" sizes=\"(max-width: 512px) 100vw, 512px\" \/>\t\t\t\t\t\t\t\t\t\t\t\t\t\t\t<\/div>\n\t\t\t\t<\/div>\n\t\t\t\t<div class=\"elementor-element elementor-element-7871377 elementor-widget elementor-widget-text-editor\" data-id=\"7871377\" data-element_type=\"widget\" data-e-type=\"widget\" data-widget_type=\"text-editor.default\">\n\t\t\t\t<div class=\"elementor-widget-container\">\n\t\t\t\t\t\t\t\t\t<p><strong>CHILE<\/strong><\/p><p>Distribuido por <strong><a href=\"https:\/\/www.instagram.com\/neostrading\/\">NEOSTRADING<\/a><\/strong><\/p>\t\t\t\t\t\t\t\t<\/div>\n\t\t\t\t<\/div>\n\t\t\t\t<\/div>\n\t\t<div class=\"elementor-element elementor-element-5c28fb9 e-con-full e-flex e-con e-child\" data-id=\"5c28fb9\" data-element_type=\"container\" data-e-type=\"container\">\n\t\t\t\t<div class=\"elementor-element elementor-element-384723a elementor-widget elementor-widget-image\" data-id=\"384723a\" data-element_type=\"widget\" data-e-type=\"widget\" data-widget_type=\"image.default\">\n\t\t\t\t<div class=\"elementor-widget-container\">\n\t\t\t\t\t\t\t\t\t\t\t\t\t\t\t<img loading=\"lazy\" decoding=\"async\" width=\"512\" height=\"512\" src=\"https:\/\/linosgopro.com\/casabegourmet\/wp-content\/uploads\/2023\/06\/mexico.png\" class=\"attachment-large size-large wp-image-892\" alt=\"\" srcset=\"https:\/\/linosgopro.com\/casabegourmet\/wp-content\/uploads\/2023\/06\/mexico.png 512w, https:\/\/linosgopro.com\/casabegourmet\/wp-content\/uploads\/2023\/06\/mexico-300x300.png 300w, https:\/\/linosgopro.com\/casabegourmet\/wp-content\/uploads\/2023\/06\/mexico-150x150.png 150w\" sizes=\"(max-width: 512px) 100vw, 512px\" \/>\t\t\t\t\t\t\t\t\t\t\t\t\t\t\t<\/div>\n\t\t\t\t<\/div>\n\t\t\t\t<div class=\"elementor-element elementor-element-81add9c elementor-widget elementor-widget-text-editor\" data-id=\"81add9c\" data-element_type=\"widget\" data-e-type=\"widget\" data-widget_type=\"text-editor.default\">\n\t\t\t\t<div class=\"elementor-widget-container\">\n\t\t\t\t\t\t\t\t\t<p><b>M\u00c9XICO<\/b><\/p>\t\t\t\t\t\t\t\t<\/div>\n\t\t\t\t<\/div>\n\t\t\t\t<\/div>\n\t\t<div class=\"elementor-element elementor-element-1d81ffc e-con-full e-flex e-con e-child\" data-id=\"1d81ffc\" data-element_type=\"container\" data-e-type=\"container\">\n\t\t\t\t<div class=\"elementor-element elementor-element-22b01c2 elementor-widget elementor-widget-image\" data-id=\"22b01c2\" data-element_type=\"widget\" data-e-type=\"widget\" data-widget_type=\"image.default\">\n\t\t\t\t<div class=\"elementor-widget-container\">\n\t\t\t\t\t\t\t\t\t\t\t\t\t\t\t<img loading=\"lazy\" decoding=\"async\" width=\"512\" height=\"512\" src=\"https:\/\/linosgopro.com\/casabegourmet\/wp-content\/uploads\/2023\/06\/costa-rica.png\" class=\"attachment-large size-large wp-image-893\" alt=\"\" srcset=\"https:\/\/linosgopro.com\/casabegourmet\/wp-content\/uploads\/2023\/06\/costa-rica.png 512w, https:\/\/linosgopro.com\/casabegourmet\/wp-content\/uploads\/2023\/06\/costa-rica-300x300.png 300w, https:\/\/linosgopro.com\/casabegourmet\/wp-content\/uploads\/2023\/06\/costa-rica-150x150.png 150w\" sizes=\"(max-width: 512px) 100vw, 512px\" \/>\t\t\t\t\t\t\t\t\t\t\t\t\t\t\t<\/div>\n\t\t\t\t<\/div>\n\t\t\t\t<div class=\"elementor-element elementor-element-f296019 elementor-widget elementor-widget-text-editor\" data-id=\"f296019\" data-element_type=\"widget\" data-e-type=\"widget\" data-widget_type=\"text-editor.default\">\n\t\t\t\t<div class=\"elementor-widget-container\">\n\t\t\t\t\t\t\t\t\t<p><strong>COSTA RICA<\/strong><\/p><p>Distribuido por <strong>TRANSATLANTIC FOODS<\/strong><\/p>\t\t\t\t\t\t\t\t<\/div>\n\t\t\t\t<\/div>\n\t\t\t\t<\/div>\n\t\t<div class=\"elementor-element elementor-element-e113251 e-con-full e-flex e-con e-child\" data-id=\"e113251\" data-element_type=\"container\" data-e-type=\"container\">\n\t\t\t\t<div class=\"elementor-element elementor-element-2e8db64 elementor-widget elementor-widget-image\" data-id=\"2e8db64\" data-element_type=\"widget\" data-e-type=\"widget\" data-widget_type=\"image.default\">\n\t\t\t\t<div class=\"elementor-widget-container\">\n\t\t\t\t\t\t\t\t\t\t\t\t\t\t\t<img loading=\"lazy\" decoding=\"async\" width=\"512\" height=\"512\" src=\"https:\/\/linosgopro.com\/casabegourmet\/wp-content\/uploads\/2023\/06\/united-states-of-america.png\" class=\"attachment-large size-large wp-image-887\" alt=\"\" srcset=\"https:\/\/linosgopro.com\/casabegourmet\/wp-content\/uploads\/2023\/06\/united-states-of-america.png 512w, https:\/\/linosgopro.com\/casabegourmet\/wp-content\/uploads\/2023\/06\/united-states-of-america-300x300.png 300w, https:\/\/linosgopro.com\/casabegourmet\/wp-content\/uploads\/2023\/06\/united-states-of-america-150x150.png 150w\" sizes=\"(max-width: 512px) 100vw, 512px\" \/>\t\t\t\t\t\t\t\t\t\t\t\t\t\t\t<\/div>\n\t\t\t\t<\/div>\n\t\t\t\t<div class=\"elementor-element elementor-element-834f889 elementor-widget elementor-widget-text-editor\" data-id=\"834f889\" data-element_type=\"widget\" data-e-type=\"widget\" data-widget_type=\"text-editor.default\">\n\t\t\t\t<div class=\"elementor-widget-container\">\n\t\t\t\t\t\t\t\t\t<p><strong>USA<\/strong><\/p><p>Distribuido por<strong> <a href=\"https:\/\/www.instagram.com\/trtfoods\/\">TRTFOODS<\/a><\/strong><\/p>\t\t\t\t\t\t\t\t<\/div>\n\t\t\t\t<\/div>\n\t\t\t\t<\/div>\n\t\t<div class=\"elementor-element elementor-element-56b66d4 e-con-full e-flex e-con e-child\" data-id=\"56b66d4\" data-element_type=\"container\" data-e-type=\"container\">\n\t\t\t\t<div class=\"elementor-element elementor-element-efe6d25 elementor-widget elementor-widget-image\" data-id=\"efe6d25\" data-element_type=\"widget\" data-e-type=\"widget\" data-widget_type=\"image.default\">\n\t\t\t\t<div class=\"elementor-widget-container\">\n\t\t\t\t\t\t\t\t\t\t\t\t\t\t\t<img loading=\"lazy\" decoding=\"async\" width=\"512\" height=\"512\" src=\"https:\/\/linosgopro.com\/casabegourmet\/wp-content\/uploads\/2023\/06\/panama.png\" class=\"attachment-large size-large wp-image-894\" alt=\"\" srcset=\"https:\/\/linosgopro.com\/casabegourmet\/wp-content\/uploads\/2023\/06\/panama.png 512w, https:\/\/linosgopro.com\/casabegourmet\/wp-content\/uploads\/2023\/06\/panama-300x300.png 300w, https:\/\/linosgopro.com\/casabegourmet\/wp-content\/uploads\/2023\/06\/panama-150x150.png 150w\" sizes=\"(max-width: 512px) 100vw, 512px\" \/>\t\t\t\t\t\t\t\t\t\t\t\t\t\t\t<\/div>\n\t\t\t\t<\/div>\n\t\t\t\t<div class=\"elementor-element elementor-element-8191ea7 elementor-widget elementor-widget-text-editor\" data-id=\"8191ea7\" data-element_type=\"widget\" data-e-type=\"widget\" data-widget_type=\"text-editor.default\">\n\t\t\t\t<div class=\"elementor-widget-container\">\n\t\t\t\t\t\t\t\t\t<p><b>P\u00c1NAMA<\/b><\/p>\t\t\t\t\t\t\t\t<\/div>\n\t\t\t\t<\/div>\n\t\t\t\t<\/div>\n\t\t<div class=\"elementor-element elementor-element-2fff96b e-con-full e-flex e-con e-child\" data-id=\"2fff96b\" data-element_type=\"container\" data-e-type=\"container\">\n\t\t\t\t<div class=\"elementor-element elementor-element-8707ce5 elementor-widget elementor-widget-image\" data-id=\"8707ce5\" data-element_type=\"widget\" data-e-type=\"widget\" data-widget_type=\"image.default\">\n\t\t\t\t<div class=\"elementor-widget-container\">\n\t\t\t\t\t\t\t\t\t\t\t\t\t\t\t<img loading=\"lazy\" decoding=\"async\" width=\"512\" height=\"512\" src=\"https:\/\/linosgopro.com\/casabegourmet\/wp-content\/uploads\/2023\/06\/spain.png\" class=\"attachment-large size-large wp-image-895\" alt=\"\" srcset=\"https:\/\/linosgopro.com\/casabegourmet\/wp-content\/uploads\/2023\/06\/spain.png 512w, https:\/\/linosgopro.com\/casabegourmet\/wp-content\/uploads\/2023\/06\/spain-300x300.png 300w, https:\/\/linosgopro.com\/casabegourmet\/wp-content\/uploads\/2023\/06\/spain-150x150.png 150w\" sizes=\"(max-width: 512px) 100vw, 512px\" \/>\t\t\t\t\t\t\t\t\t\t\t\t\t\t\t<\/div>\n\t\t\t\t<\/div>\n\t\t\t\t<div class=\"elementor-element elementor-element-63fef99 elementor-widget elementor-widget-text-editor\" data-id=\"63fef99\" data-element_type=\"widget\" data-e-type=\"widget\" data-widget_type=\"text-editor.default\">\n\t\t\t\t<div class=\"elementor-widget-container\">\n\t\t\t\t\t\t\t\t\t<p><strong>ESPA\u00d1A<\/strong><\/p><p>Distribuido por <strong><a href=\"https:\/\/www.instagram.com\/antojosaraguaney\/\">ANTOJOS ARAGUANEY<\/a><\/strong><\/p>\t\t\t\t\t\t\t\t<\/div>\n\t\t\t\t<\/div>\n\t\t\t\t<\/div>\n\t\t\t\t<\/div>\n\t\t<div class=\"elementor-element elementor-element-f5779ee e-con-full e-flex e-con e-child\" data-id=\"f5779ee\" data-element_type=\"container\" data-e-type=\"container\">\n\t\t\t\t<div class=\"elementor-element elementor-element-7073c09 elementor-widget elementor-widget-image\" data-id=\"7073c09\" data-element_type=\"widget\" data-e-type=\"widget\" data-widget_type=\"image.default\">\n\t\t\t\t<div class=\"elementor-widget-container\">\n\t\t\t\t\t\t\t\t\t\t\t\t\t\t\t<img loading=\"lazy\" decoding=\"async\" width=\"433\" height=\"361\" src=\"https:\/\/linosgopro.com\/casabegourmet\/wp-content\/uploads\/2023\/12\/CGE-15-removebg-preview-e1701909528366.png\" class=\"attachment-large size-large wp-image-1553\" alt=\"\" srcset=\"https:\/\/linosgopro.com\/casabegourmet\/wp-content\/uploads\/2023\/12\/CGE-15-removebg-preview-e1701909528366.png 433w, https:\/\/linosgopro.com\/casabegourmet\/wp-content\/uploads\/2023\/12\/CGE-15-removebg-preview-e1701909528366-300x250.png 300w\" sizes=\"(max-width: 433px) 100vw, 433px\" \/>\t\t\t\t\t\t\t\t\t\t\t\t\t\t\t<\/div>\n\t\t\t\t<\/div>\n\t\t\t\t<\/div>\n\t\t\t\t<\/div>\n\t\t\t\t<\/div>\n\t\t","protected":false},"excerpt":{"rendered":"<p>\u00bfD\u00f3nde Estamos? VENEZUELA +500 puntos de venta BRAZIL Distribuido por HARINA PAN SAO PAULO CHILE Distribuido por NEOSTRADING M\u00c9XICO COSTA RICA Distribuido por TRANSATLANTIC FOODS USA Distribuido por TRTFOODS P\u00c1NAMA ESPA\u00d1A Distribuido por ANTOJOS ARAGUANEY<\/p>\n","protected":false},"author":1,"featured_media":0,"parent":0,"menu_order":0,"comment_status":"closed","ping_status":"closed","template":"","meta":{"footnotes":""},"class_list":["post-605","page","type-page","status-publish","hentry"],"_links":{"self":[{"href":"https:\/\/linosgopro.com\/casabegourmet\/wp-json\/wp\/v2\/pages\/605","targetHints":{"allow":["GET"]}}],"collection":[{"href":"https:\/\/linosgopro.com\/casabegourmet\/wp-json\/wp\/v2\/pages"}],"about":[{"href":"https:\/\/linosgopro.com\/casabegourmet\/wp-json\/wp\/v2\/types\/page"}],"author":[{"embeddable":true,"href":"https:\/\/linosgopro.com\/casabegourmet\/wp-json\/wp\/v2\/users\/1"}],"replies":[{"embeddable":true,"href":"https:\/\/linosgopro.com\/casabegourmet\/wp-json\/wp\/v2\/comments?post=605"}],"version-history":[{"count":22,"href":"https:\/\/linosgopro.com\/casabegourmet\/wp-json\/wp\/v2\/pages\/605\/revisions"}],"predecessor-version":[{"id":1556,"href":"https:\/\/linosgopro.com\/casabegourmet\/wp-json\/wp\/v2\/pages\/605\/revisions\/1556"}],"wp:attachment":[{"href":"https:\/\/linosgopro.com\/casabegourmet\/wp-json\/wp\/v2\/media?parent=605"}],"curies":[{"name":"wp","href":"https:\/\/api.w.org\/{rel}","templated":true}]}}